{"id":6701,"date":"2026-03-19T21:21:19","date_gmt":"2026-03-19T21:21:19","guid":{"rendered":"https:\/\/miidaz.com\/product\/holder-zuck\/"},"modified":"2026-03-29T02:18:52","modified_gmt":"2026-03-29T02:18:52","slug":"holder-zuck","status":"publish","type":"product","link":"https:\/\/miidaz.com\/?product=holder-zuck","title":{"rendered":"Holder Zuck"},"content":{"rendered":"<p>Soporte para tel\u00e9fono elaborado con materiales ecol\u00f3gicos: base de bamb\u00fa y estructura de paja de trigo. Ofrece rotaci\u00f3n completa de 360\u00b0 y ajuste de altura para mayor comodidad, adem\u00e1s de contar con superficie antideslizante para garantizar estabilidad. Su dise\u00f1o pr\u00e1ctico y sostenible lo convierte en el accesorio ideal para escritorio o mesa.<\/p>\n","protected":false},"excerpt":{"rendered":"<p>Soporte para tel\u00e9fono elaborado con materiales ecol\u00f3gicos: base de bamb\u00fa y estructura de paja de trigo. Ofrece rotaci\u00f3n completa de 360\u00b0 y ajuste de altura para mayor comodidad, adem\u00e1s de contar con superficie antideslizante para garantizar estabilidad. Su dise\u00f1o pr\u00e1ctico y sostenible lo convierte en el accesorio ideal para escritorio o mesa.<\/p>\n","protected":false},"featured_media":60470,"comment_status":"open","ping_status":"closed","template":"","meta":{"_uag_custom_page_level_css":""},"product_brand":[],"product_cat":[103],"product_tag":[114,112],"class_list":{"0":"post-6701","1":"product","2":"type-product","3":"status-publish","4":"has-post-thumbnail","6":"product_cat-accesorios-para-moviles","7":"product_tag-novedades-2026","8":"product_tag-temporada-irresistibles","10":"first","11":"outofstock","12":"shipping-taxable","13":"purchasable","14":"product-type-variable"},"aioseo_notices":[],"uagb_featured_image_src":{"full":["https:\/\/miidaz.com\/wp-content\/uploads\/2026\/03\/TE0716-1.jpg",1000,1000,false],"thumbnail":["https:\/\/miidaz.com\/wp-content\/uploads\/2026\/03\/TE0716-1-150x150.jpg",150,150,true],"medium":["https:\/\/miidaz.com\/wp-content\/uploads\/2026\/03\/TE0716-1-300x300.jpg",300,300,true],"medium_large":["https:\/\/miidaz.com\/wp-content\/uploads\/2026\/03\/TE0716-1-768x768.jpg",768,768,true],"large":["https:\/\/miidaz.com\/wp-content\/uploads\/2026\/03\/TE0716-1.jpg",800,800,false],"1536x1536":["https:\/\/miidaz.com\/wp-content\/uploads\/2026\/03\/TE0716-1.jpg",1000,1000,false],"2048x2048":["https:\/\/miidaz.com\/wp-content\/uploads\/2026\/03\/TE0716-1.jpg",1000,1000,false],"woocommerce_thumbnail":["https:\/\/miidaz.com\/wp-content\/uploads\/2026\/03\/TE0716-1-300x300.jpg",300,300,true],"woocommerce_single":["https:\/\/miidaz.com\/wp-content\/uploads\/2026\/03\/TE0716-1-600x600.jpg",600,600,true],"woocommerce_gallery_thumbnail":["https:\/\/miidaz.com\/wp-content\/uploads\/2026\/03\/TE0716-1-100x100.jpg",100,100,true]},"uagb_author_info":{"display_name":"","author_link":"https:\/\/miidaz.com\/?author=0"},"uagb_comment_info":0,"uagb_excerpt":"Soporte para tel\u00e9fono elaborado con materiales ecol\u00f3gicos: base de bamb\u00fa y estructura de paja de trigo. Ofrece rotaci\u00f3n completa de 360\u00b0 y ajuste de altura para mayor comodidad, adem\u00e1s de contar con superficie antideslizante para garantizar estabilidad. Su dise\u00f1o pr\u00e1ctico y sostenible lo convierte en el accesorio ideal para escritorio o mesa.","_links":{"self":[{"href":"https:\/\/miidaz.com\/index.php?rest_route=\/wp\/v2\/product\/6701","targetHints":{"allow":["GET"]}}],"collection":[{"href":"https:\/\/miidaz.com\/index.php?rest_route=\/wp\/v2\/product"}],"about":[{"href":"https:\/\/miidaz.com\/index.php?rest_route=\/wp\/v2\/types\/product"}],"replies":[{"embeddable":true,"href":"https:\/\/miidaz.com\/index.php?rest_route=%2Fwp%2Fv2%2Fcomments&post=6701"}],"version-history":[{"count":0,"href":"https:\/\/miidaz.com\/index.php?rest_route=\/wp\/v2\/product\/6701\/revisions"}],"wp:featuredmedia":[{"embeddable":true,"href":"https:\/\/miidaz.com\/index.php?rest_route=\/wp\/v2\/media\/60470"}],"wp:attachment":[{"href":"https:\/\/miidaz.com\/index.php?rest_route=%2Fwp%2Fv2%2Fmedia&parent=6701"}],"wp:term":[{"taxonomy":"product_brand","embeddable":true,"href":"https:\/\/miidaz.com\/index.php?rest_route=%2Fwp%2Fv2%2Fproduct_brand&post=6701"},{"taxonomy":"product_cat","embeddable":true,"href":"https:\/\/miidaz.com\/index.php?rest_route=%2Fwp%2Fv2%2Fproduct_cat&post=6701"},{"taxonomy":"product_tag","embeddable":true,"href":"https:\/\/miidaz.com\/index.php?rest_route=%2Fwp%2Fv2%2Fproduct_tag&post=6701"}],"curies":[{"name":"wp","href":"https:\/\/api.w.org\/{rel}","templated":true}]}}