{"id":6704,"date":"2026-03-19T21:21:20","date_gmt":"2026-03-19T21:21:20","guid":{"rendered":"https:\/\/miidaz.com\/product\/portatarjetas-elon\/"},"modified":"2026-03-29T02:18:52","modified_gmt":"2026-03-29T02:18:52","slug":"portatarjetas-elon","status":"publish","type":"product","link":"https:\/\/miidaz.com\/?product=portatarjetas-elon","title":{"rendered":"Portatarjetas Elon"},"content":{"rendered":"<p>Pr\u00e1ctico portatarjetas fabricado en lycra flexible, dise\u00f1ado para adherirse a la parte trasera del tel\u00e9fono m\u00f3vil mediante adhesivo resistente (marca 3M). Cuenta con dos compartimientos: uno frontal y otro central, ideales para guardar tarjetas, documentos o billetes. Su material el\u00e1stico permite un ajuste seguro y c\u00f3modo.<\/p>\n","protected":false},"excerpt":{"rendered":"<p>Pr\u00e1ctico portatarjetas fabricado en lycra flexible, dise\u00f1ado para adherirse a la parte trasera del tel\u00e9fono m\u00f3vil mediante adhesivo resistente (marca 3M). Cuenta con dos compartimientos: uno frontal y otro central, ideales para guardar tarjetas, documentos o billetes. Su material el\u00e1stico permite un ajuste seguro y c\u00f3modo.<\/p>\n","protected":false},"featured_media":60479,"comment_status":"open","ping_status":"closed","template":"","meta":{"_uag_custom_page_level_css":""},"product_brand":[],"product_cat":[103],"product_tag":[114,112],"class_list":{"0":"post-6704","1":"product","2":"type-product","3":"status-publish","4":"has-post-thumbnail","6":"product_cat-accesorios-para-moviles","7":"product_tag-novedades-2026","8":"product_tag-temporada-irresistibles","10":"first","11":"instock","12":"shipping-taxable","13":"purchasable","14":"product-type-variable"},"aioseo_notices":[],"uagb_featured_image_src":{"full":["https:\/\/miidaz.com\/wp-content\/uploads\/2026\/03\/TE0717-1.jpg",1000,1000,false],"thumbnail":["https:\/\/miidaz.com\/wp-content\/uploads\/2026\/03\/TE0717-1-150x150.jpg",150,150,true],"medium":["https:\/\/miidaz.com\/wp-content\/uploads\/2026\/03\/TE0717-1-300x300.jpg",300,300,true],"medium_large":["https:\/\/miidaz.com\/wp-content\/uploads\/2026\/03\/TE0717-1-768x768.jpg",768,768,true],"large":["https:\/\/miidaz.com\/wp-content\/uploads\/2026\/03\/TE0717-1.jpg",800,800,false],"1536x1536":["https:\/\/miidaz.com\/wp-content\/uploads\/2026\/03\/TE0717-1.jpg",1000,1000,false],"2048x2048":["https:\/\/miidaz.com\/wp-content\/uploads\/2026\/03\/TE0717-1.jpg",1000,1000,false],"woocommerce_thumbnail":["https:\/\/miidaz.com\/wp-content\/uploads\/2026\/03\/TE0717-1-300x300.jpg",300,300,true],"woocommerce_single":["https:\/\/miidaz.com\/wp-content\/uploads\/2026\/03\/TE0717-1-600x600.jpg",600,600,true],"woocommerce_gallery_thumbnail":["https:\/\/miidaz.com\/wp-content\/uploads\/2026\/03\/TE0717-1-100x100.jpg",100,100,true]},"uagb_author_info":{"display_name":"","author_link":"https:\/\/miidaz.com\/?author=0"},"uagb_comment_info":0,"uagb_excerpt":"Pr\u00e1ctico portatarjetas fabricado en lycra flexible, dise\u00f1ado para adherirse a la parte trasera del tel\u00e9fono m\u00f3vil mediante adhesivo resistente (marca 3M). Cuenta con dos compartimientos: uno frontal y otro central, ideales para guardar tarjetas, documentos o billetes. Su material el\u00e1stico permite un ajuste seguro y c\u00f3modo.","_links":{"self":[{"href":"https:\/\/miidaz.com\/index.php?rest_route=\/wp\/v2\/product\/6704","targetHints":{"allow":["GET"]}}],"collection":[{"href":"https:\/\/miidaz.com\/index.php?rest_route=\/wp\/v2\/product"}],"about":[{"href":"https:\/\/miidaz.com\/index.php?rest_route=\/wp\/v2\/types\/product"}],"replies":[{"embeddable":true,"href":"https:\/\/miidaz.com\/index.php?rest_route=%2Fwp%2Fv2%2Fcomments&post=6704"}],"version-history":[{"count":0,"href":"https:\/\/miidaz.com\/index.php?rest_route=\/wp\/v2\/product\/6704\/revisions"}],"wp:featuredmedia":[{"embeddable":true,"href":"https:\/\/miidaz.com\/index.php?rest_route=\/wp\/v2\/media\/60479"}],"wp:attachment":[{"href":"https:\/\/miidaz.com\/index.php?rest_route=%2Fwp%2Fv2%2Fmedia&parent=6704"}],"wp:term":[{"taxonomy":"product_brand","embeddable":true,"href":"https:\/\/miidaz.com\/index.php?rest_route=%2Fwp%2Fv2%2Fproduct_brand&post=6704"},{"taxonomy":"product_cat","embeddable":true,"href":"https:\/\/miidaz.com\/index.php?rest_route=%2Fwp%2Fv2%2Fproduct_cat&post=6704"},{"taxonomy":"product_tag","embeddable":true,"href":"https:\/\/miidaz.com\/index.php?rest_route=%2Fwp%2Fv2%2Fproduct_tag&post=6704"}],"curies":[{"name":"wp","href":"https:\/\/api.w.org\/{rel}","templated":true}]}}