{"id":6709,"date":"2026-03-19T21:21:22","date_gmt":"2026-03-19T21:21:22","guid":{"rendered":"https:\/\/miidaz.com\/product\/holder-rothko\/"},"modified":"2026-03-29T02:18:53","modified_gmt":"2026-03-29T02:18:53","slug":"holder-rothko","status":"publish","type":"product","link":"https:\/\/miidaz.com\/?product=holder-rothko","title":{"rendered":"Holder Rothko"},"content":{"rendered":"<p>Holder para celular elaborado en bamb\u00fa, compuesto por dos piezas que se ensamblan f\u00e1cilmente para formar una base estable. Incluye un orificio funcional que permite el paso del cable de carga o mejora la estabilidad del dispositivo. Compacto y ecol\u00f3gico, ideal para mantener el tel\u00e9fono en posici\u00f3n vertical sobre escritorios o mesas.<\/p>\n","protected":false},"excerpt":{"rendered":"<p>Holder para celular elaborado en bamb\u00fa, compuesto por dos piezas que se ensamblan f\u00e1cilmente para formar una base estable. Incluye un orificio funcional que permite el paso del cable de carga o mejora la estabilidad del dispositivo. Compacto y ecol\u00f3gico, ideal para mantener el tel\u00e9fono en posici\u00f3n vertical sobre escritorios o mesas.<\/p>\n","protected":false},"featured_media":60486,"comment_status":"open","ping_status":"closed","template":"","meta":{"_uag_custom_page_level_css":""},"product_brand":[],"product_cat":[103],"product_tag":[114,112],"class_list":{"0":"post-6709","1":"product","2":"type-product","3":"status-publish","4":"has-post-thumbnail","6":"product_cat-accesorios-para-moviles","7":"product_tag-novedades-2026","8":"product_tag-temporada-irresistibles","10":"first","11":"instock","12":"shipping-taxable","13":"purchasable","14":"product-type-variable"},"aioseo_notices":[],"uagb_featured_image_src":{"full":["https:\/\/miidaz.com\/wp-content\/uploads\/2026\/03\/TE0718-1.jpg",1000,1000,false],"thumbnail":["https:\/\/miidaz.com\/wp-content\/uploads\/2026\/03\/TE0718-1-150x150.jpg",150,150,true],"medium":["https:\/\/miidaz.com\/wp-content\/uploads\/2026\/03\/TE0718-1-300x300.jpg",300,300,true],"medium_large":["https:\/\/miidaz.com\/wp-content\/uploads\/2026\/03\/TE0718-1-768x768.jpg",768,768,true],"large":["https:\/\/miidaz.com\/wp-content\/uploads\/2026\/03\/TE0718-1.jpg",800,800,false],"1536x1536":["https:\/\/miidaz.com\/wp-content\/uploads\/2026\/03\/TE0718-1.jpg",1000,1000,false],"2048x2048":["https:\/\/miidaz.com\/wp-content\/uploads\/2026\/03\/TE0718-1.jpg",1000,1000,false],"woocommerce_thumbnail":["https:\/\/miidaz.com\/wp-content\/uploads\/2026\/03\/TE0718-1-300x300.jpg",300,300,true],"woocommerce_single":["https:\/\/miidaz.com\/wp-content\/uploads\/2026\/03\/TE0718-1-600x600.jpg",600,600,true],"woocommerce_gallery_thumbnail":["https:\/\/miidaz.com\/wp-content\/uploads\/2026\/03\/TE0718-1-100x100.jpg",100,100,true]},"uagb_author_info":{"display_name":"","author_link":"https:\/\/miidaz.com\/?author=0"},"uagb_comment_info":0,"uagb_excerpt":"Holder para celular elaborado en bamb\u00fa, compuesto por dos piezas que se ensamblan f\u00e1cilmente para formar una base estable. Incluye un orificio funcional que permite el paso del cable de carga o mejora la estabilidad del dispositivo. Compacto y ecol\u00f3gico, ideal para mantener el tel\u00e9fono en posici\u00f3n vertical sobre escritorios o mesas.","_links":{"self":[{"href":"https:\/\/miidaz.com\/index.php?rest_route=\/wp\/v2\/product\/6709","targetHints":{"allow":["GET"]}}],"collection":[{"href":"https:\/\/miidaz.com\/index.php?rest_route=\/wp\/v2\/product"}],"about":[{"href":"https:\/\/miidaz.com\/index.php?rest_route=\/wp\/v2\/types\/product"}],"replies":[{"embeddable":true,"href":"https:\/\/miidaz.com\/index.php?rest_route=%2Fwp%2Fv2%2Fcomments&post=6709"}],"version-history":[{"count":0,"href":"https:\/\/miidaz.com\/index.php?rest_route=\/wp\/v2\/product\/6709\/revisions"}],"wp:featuredmedia":[{"embeddable":true,"href":"https:\/\/miidaz.com\/index.php?rest_route=\/wp\/v2\/media\/60486"}],"wp:attachment":[{"href":"https:\/\/miidaz.com\/index.php?rest_route=%2Fwp%2Fv2%2Fmedia&parent=6709"}],"wp:term":[{"taxonomy":"product_brand","embeddable":true,"href":"https:\/\/miidaz.com\/index.php?rest_route=%2Fwp%2Fv2%2Fproduct_brand&post=6709"},{"taxonomy":"product_cat","embeddable":true,"href":"https:\/\/miidaz.com\/index.php?rest_route=%2Fwp%2Fv2%2Fproduct_cat&post=6709"},{"taxonomy":"product_tag","embeddable":true,"href":"https:\/\/miidaz.com\/index.php?rest_route=%2Fwp%2Fv2%2Fproduct_tag&post=6709"}],"curies":[{"name":"wp","href":"https:\/\/api.w.org\/{rel}","templated":true}]}}