{"id":6712,"date":"2026-03-19T21:21:23","date_gmt":"2026-03-19T21:21:23","guid":{"rendered":"https:\/\/miidaz.com\/product\/ventilador-cargador-wind\/"},"modified":"2026-03-29T02:18:53","modified_gmt":"2026-03-29T02:18:53","slug":"ventilador-cargador-wind","status":"publish","type":"product","link":"https:\/\/miidaz.com\/?product=ventilador-cargador-wind","title":{"rendered":"Ventilador-Cargador Wind"},"content":{"rendered":"<p>Ventilador de escritorio plegable con m\u00faltiples funciones integradas. Incorpora reloj con funci\u00f3n de hora y alarma, ventilador de 3 velocidades y carga inal\u00e1mbrica Qi con luz LED posterior que se ilumina en azul para confirmar una carga correcta. Funciona tambi\u00e9n como soporte para celular e incluye entrada y salida Tipo C, adem\u00e1s de salida USB-A, ofreciendo practicidad y conectividad en un solo dispositivo.<\/p>\n","protected":false},"excerpt":{"rendered":"<p>Ventilador de escritorio plegable con m\u00faltiples funciones integradas. Incorpora reloj con funci\u00f3n de hora y alarma, ventilador de 3 velocidades y carga inal\u00e1mbrica Qi con luz LED posterior que se ilumina en azul para confirmar una carga correcta. Funciona tambi\u00e9n como soporte para celular e incluye entrada y salida Tipo C, adem\u00e1s de salida USB-A, [&hellip;]<\/p>\n","protected":false},"featured_media":60489,"comment_status":"open","ping_status":"closed","template":"","meta":{"_uag_custom_page_level_css":""},"product_brand":[],"product_cat":[86],"product_tag":[114,112],"class_list":{"0":"post-6712","1":"product","2":"type-product","3":"status-publish","4":"has-post-thumbnail","6":"product_cat-relojes","7":"product_tag-novedades-2026","8":"product_tag-temporada-irresistibles","10":"first","11":"outofstock","12":"shipping-taxable","13":"purchasable","14":"product-type-variable"},"aioseo_notices":[],"uagb_featured_image_src":{"full":["https:\/\/miidaz.com\/wp-content\/uploads\/2026\/03\/TE0719-1.jpg",1000,1000,false],"thumbnail":["https:\/\/miidaz.com\/wp-content\/uploads\/2026\/03\/TE0719-1-150x150.jpg",150,150,true],"medium":["https:\/\/miidaz.com\/wp-content\/uploads\/2026\/03\/TE0719-1-300x300.jpg",300,300,true],"medium_large":["https:\/\/miidaz.com\/wp-content\/uploads\/2026\/03\/TE0719-1-768x768.jpg",768,768,true],"large":["https:\/\/miidaz.com\/wp-content\/uploads\/2026\/03\/TE0719-1.jpg",800,800,false],"1536x1536":["https:\/\/miidaz.com\/wp-content\/uploads\/2026\/03\/TE0719-1.jpg",1000,1000,false],"2048x2048":["https:\/\/miidaz.com\/wp-content\/uploads\/2026\/03\/TE0719-1.jpg",1000,1000,false],"woocommerce_thumbnail":["https:\/\/miidaz.com\/wp-content\/uploads\/2026\/03\/TE0719-1-300x300.jpg",300,300,true],"woocommerce_single":["https:\/\/miidaz.com\/wp-content\/uploads\/2026\/03\/TE0719-1-600x600.jpg",600,600,true],"woocommerce_gallery_thumbnail":["https:\/\/miidaz.com\/wp-content\/uploads\/2026\/03\/TE0719-1-100x100.jpg",100,100,true]},"uagb_author_info":{"display_name":"","author_link":"https:\/\/miidaz.com\/?author=0"},"uagb_comment_info":0,"uagb_excerpt":"Ventilador de escritorio plegable con m\u00faltiples funciones integradas. Incorpora reloj con funci\u00f3n de hora y alarma, ventilador de 3 velocidades y carga inal\u00e1mbrica Qi con luz LED posterior que se ilumina en azul para confirmar una carga correcta. Funciona tambi\u00e9n como soporte para celular e incluye entrada y salida Tipo C, adem\u00e1s de salida USB-A,&hellip;","_links":{"self":[{"href":"https:\/\/miidaz.com\/index.php?rest_route=\/wp\/v2\/product\/6712","targetHints":{"allow":["GET"]}}],"collection":[{"href":"https:\/\/miidaz.com\/index.php?rest_route=\/wp\/v2\/product"}],"about":[{"href":"https:\/\/miidaz.com\/index.php?rest_route=\/wp\/v2\/types\/product"}],"replies":[{"embeddable":true,"href":"https:\/\/miidaz.com\/index.php?rest_route=%2Fwp%2Fv2%2Fcomments&post=6712"}],"version-history":[{"count":0,"href":"https:\/\/miidaz.com\/index.php?rest_route=\/wp\/v2\/product\/6712\/revisions"}],"wp:featuredmedia":[{"embeddable":true,"href":"https:\/\/miidaz.com\/index.php?rest_route=\/wp\/v2\/media\/60489"}],"wp:attachment":[{"href":"https:\/\/miidaz.com\/index.php?rest_route=%2Fwp%2Fv2%2Fmedia&parent=6712"}],"wp:term":[{"taxonomy":"product_brand","embeddable":true,"href":"https:\/\/miidaz.com\/index.php?rest_route=%2Fwp%2Fv2%2Fproduct_brand&post=6712"},{"taxonomy":"product_cat","embeddable":true,"href":"https:\/\/miidaz.com\/index.php?rest_route=%2Fwp%2Fv2%2Fproduct_cat&post=6712"},{"taxonomy":"product_tag","embeddable":true,"href":"https:\/\/miidaz.com\/index.php?rest_route=%2Fwp%2Fv2%2Fproduct_tag&post=6712"}],"curies":[{"name":"wp","href":"https:\/\/api.w.org\/{rel}","templated":true}]}}