{"id":6715,"date":"2026-03-19T21:21:24","date_gmt":"2026-03-19T21:21:24","guid":{"rendered":"https:\/\/miidaz.com\/product\/adaptador-usb-tipo-c-bee\/"},"modified":"2026-03-29T02:18:53","modified_gmt":"2026-03-29T02:18:53","slug":"adaptador-usb-tipo-c-bee","status":"publish","type":"product","link":"https:\/\/miidaz.com\/?product=adaptador-usb-tipo-c-bee","title":{"rendered":"Adaptador USB-Tipo-C Bee"},"content":{"rendered":"<p>Adaptador compacto que convierte un cable USB-A en conector tipo C, permitiendo conectar dispositivos con entrada USB-C a trav\u00e9s de cables tradicionales. Ideal para cargar, transferir datos o conectar perif\u00e9ricos, su dise\u00f1o port\u00e1til y vers\u00e1til lo hace compatible con laptops, tablets y smartphones con puerto tipo C.<\/p>\n","protected":false},"excerpt":{"rendered":"<p>Adaptador compacto que convierte un cable USB-A en conector tipo C, permitiendo conectar dispositivos con entrada USB-C a trav\u00e9s de cables tradicionales. Ideal para cargar, transferir datos o conectar perif\u00e9ricos, su dise\u00f1o port\u00e1til y vers\u00e1til lo hace compatible con laptops, tablets y smartphones con puerto tipo C.<\/p>\n","protected":false},"featured_media":60492,"comment_status":"open","ping_status":"closed","template":"","meta":{"_uag_custom_page_level_css":""},"product_brand":[],"product_cat":[106],"product_tag":[114,112],"class_list":{"0":"post-6715","1":"product","2":"type-product","3":"status-publish","4":"has-post-thumbnail","6":"product_cat-accesorios-de-computador","7":"product_tag-novedades-2026","8":"product_tag-temporada-irresistibles","10":"first","11":"outofstock","12":"shipping-taxable","13":"purchasable","14":"product-type-variable"},"aioseo_notices":[],"uagb_featured_image_src":{"full":["https:\/\/miidaz.com\/wp-content\/uploads\/2026\/03\/TE0720-1.jpg",1000,1000,false],"thumbnail":["https:\/\/miidaz.com\/wp-content\/uploads\/2026\/03\/TE0720-1-150x150.jpg",150,150,true],"medium":["https:\/\/miidaz.com\/wp-content\/uploads\/2026\/03\/TE0720-1-300x300.jpg",300,300,true],"medium_large":["https:\/\/miidaz.com\/wp-content\/uploads\/2026\/03\/TE0720-1-768x768.jpg",768,768,true],"large":["https:\/\/miidaz.com\/wp-content\/uploads\/2026\/03\/TE0720-1.jpg",800,800,false],"1536x1536":["https:\/\/miidaz.com\/wp-content\/uploads\/2026\/03\/TE0720-1.jpg",1000,1000,false],"2048x2048":["https:\/\/miidaz.com\/wp-content\/uploads\/2026\/03\/TE0720-1.jpg",1000,1000,false],"woocommerce_thumbnail":["https:\/\/miidaz.com\/wp-content\/uploads\/2026\/03\/TE0720-1-300x300.jpg",300,300,true],"woocommerce_single":["https:\/\/miidaz.com\/wp-content\/uploads\/2026\/03\/TE0720-1-600x600.jpg",600,600,true],"woocommerce_gallery_thumbnail":["https:\/\/miidaz.com\/wp-content\/uploads\/2026\/03\/TE0720-1-100x100.jpg",100,100,true]},"uagb_author_info":{"display_name":"","author_link":"https:\/\/miidaz.com\/?author=0"},"uagb_comment_info":0,"uagb_excerpt":"Adaptador compacto que convierte un cable USB-A en conector tipo C, permitiendo conectar dispositivos con entrada USB-C a trav\u00e9s de cables tradicionales. Ideal para cargar, transferir datos o conectar perif\u00e9ricos, su dise\u00f1o port\u00e1til y vers\u00e1til lo hace compatible con laptops, tablets y smartphones con puerto tipo C.","_links":{"self":[{"href":"https:\/\/miidaz.com\/index.php?rest_route=\/wp\/v2\/product\/6715","targetHints":{"allow":["GET"]}}],"collection":[{"href":"https:\/\/miidaz.com\/index.php?rest_route=\/wp\/v2\/product"}],"about":[{"href":"https:\/\/miidaz.com\/index.php?rest_route=\/wp\/v2\/types\/product"}],"replies":[{"embeddable":true,"href":"https:\/\/miidaz.com\/index.php?rest_route=%2Fwp%2Fv2%2Fcomments&post=6715"}],"version-history":[{"count":0,"href":"https:\/\/miidaz.com\/index.php?rest_route=\/wp\/v2\/product\/6715\/revisions"}],"wp:featuredmedia":[{"embeddable":true,"href":"https:\/\/miidaz.com\/index.php?rest_route=\/wp\/v2\/media\/60492"}],"wp:attachment":[{"href":"https:\/\/miidaz.com\/index.php?rest_route=%2Fwp%2Fv2%2Fmedia&parent=6715"}],"wp:term":[{"taxonomy":"product_brand","embeddable":true,"href":"https:\/\/miidaz.com\/index.php?rest_route=%2Fwp%2Fv2%2Fproduct_brand&post=6715"},{"taxonomy":"product_cat","embeddable":true,"href":"https:\/\/miidaz.com\/index.php?rest_route=%2Fwp%2Fv2%2Fproduct_cat&post=6715"},{"taxonomy":"product_tag","embeddable":true,"href":"https:\/\/miidaz.com\/index.php?rest_route=%2Fwp%2Fv2%2Fproduct_tag&post=6715"}],"curies":[{"name":"wp","href":"https:\/\/api.w.org\/{rel}","templated":true}]}}