{"id":6719,"date":"2026-03-19T21:21:25","date_gmt":"2026-03-19T21:21:25","guid":{"rendered":"https:\/\/miidaz.com\/product\/altavoz-bluetooth-aqua-2\/"},"modified":"2026-03-29T02:18:53","modified_gmt":"2026-03-29T02:18:53","slug":"altavoz-bluetooth-aqua-2","status":"publish","type":"product","link":"https:\/\/miidaz.com\/?product=altavoz-bluetooth-aqua-2","title":{"rendered":"Altavoz Bluetooth Aqua"},"content":{"rendered":"<p>Altavoz Bluetooth V3,0 + EDR, Frecuencia de transmisi\u00f3n: 2.4 g hz, fuente de alimentaci\u00f3n: DC 5V 100-120ma, bater\u00eda: 3.7v 400mAh de litio, tiempo de carga: aprox.3 horas, Tiempo de funcionamiento: aprox.6 horas. respuesta de frecuencia: 100 Hz-20kHz, salida: 3W, rango: hasta 10 mt. distorsi\u00f3n: u003c1.0%. Incluye cable de carga y chupa de succi\u00f3n. Resistente al agua grado IPX4.<\/p>\n","protected":false},"excerpt":{"rendered":"<p>Altavoz Bluetooth V3,0 + EDR, Frecuencia de transmisi\u00f3n: 2.4 g hz, fuente de alimentaci\u00f3n: DC 5V 100-120ma, bater\u00eda: 3.7v 400mAh de litio, tiempo de carga: aprox.3 horas, Tiempo de funcionamiento: aprox.6 horas. respuesta de frecuencia: 100 Hz-20kHz, salida: 3W, rango: hasta 10 mt. distorsi\u00f3n: u003c1.0%. Incluye cable de carga y chupa de succi\u00f3n. Resistente al [&hellip;]<\/p>\n","protected":false},"featured_media":60503,"comment_status":"open","ping_status":"closed","template":"","meta":{"_uag_custom_page_level_css":""},"product_brand":[],"product_cat":[102],"product_tag":[116],"class_list":{"0":"post-6719","1":"product","2":"type-product","3":"status-publish","4":"has-post-thumbnail","6":"product_cat-altavoz","7":"product_tag-netos","9":"first","10":"instock","11":"shipping-taxable","12":"purchasable","13":"product-type-variable"},"aioseo_notices":[],"uagb_featured_image_src":{"full":["https:\/\/miidaz.com\/wp-content\/uploads\/2026\/03\/TE9367-1.jpg",1000,1000,false],"thumbnail":["https:\/\/miidaz.com\/wp-content\/uploads\/2026\/03\/TE9367-1-150x150.jpg",150,150,true],"medium":["https:\/\/miidaz.com\/wp-content\/uploads\/2026\/03\/TE9367-1-300x300.jpg",300,300,true],"medium_large":["https:\/\/miidaz.com\/wp-content\/uploads\/2026\/03\/TE9367-1-768x768.jpg",768,768,true],"large":["https:\/\/miidaz.com\/wp-content\/uploads\/2026\/03\/TE9367-1.jpg",800,800,false],"1536x1536":["https:\/\/miidaz.com\/wp-content\/uploads\/2026\/03\/TE9367-1.jpg",1000,1000,false],"2048x2048":["https:\/\/miidaz.com\/wp-content\/uploads\/2026\/03\/TE9367-1.jpg",1000,1000,false],"woocommerce_thumbnail":["https:\/\/miidaz.com\/wp-content\/uploads\/2026\/03\/TE9367-1-300x300.jpg",300,300,true],"woocommerce_single":["https:\/\/miidaz.com\/wp-content\/uploads\/2026\/03\/TE9367-1-600x600.jpg",600,600,true],"woocommerce_gallery_thumbnail":["https:\/\/miidaz.com\/wp-content\/uploads\/2026\/03\/TE9367-1-100x100.jpg",100,100,true]},"uagb_author_info":{"display_name":"","author_link":"https:\/\/miidaz.com\/?author=0"},"uagb_comment_info":0,"uagb_excerpt":"Altavoz Bluetooth V3,0 + EDR, Frecuencia de transmisi\u00f3n: 2.4 g hz, fuente de alimentaci\u00f3n: DC 5V 100-120ma, bater\u00eda: 3.7v 400mAh de litio, tiempo de carga: aprox.3 horas, Tiempo de funcionamiento: aprox.6 horas. respuesta de frecuencia: 100 Hz-20kHz, salida: 3W, rango: hasta 10 mt. distorsi\u00f3n: u003c1.0%. Incluye cable de carga y chupa de succi\u00f3n. Resistente al&hellip;","_links":{"self":[{"href":"https:\/\/miidaz.com\/index.php?rest_route=\/wp\/v2\/product\/6719","targetHints":{"allow":["GET"]}}],"collection":[{"href":"https:\/\/miidaz.com\/index.php?rest_route=\/wp\/v2\/product"}],"about":[{"href":"https:\/\/miidaz.com\/index.php?rest_route=\/wp\/v2\/types\/product"}],"replies":[{"embeddable":true,"href":"https:\/\/miidaz.com\/index.php?rest_route=%2Fwp%2Fv2%2Fcomments&post=6719"}],"version-history":[{"count":1,"href":"https:\/\/miidaz.com\/index.php?rest_route=\/wp\/v2\/product\/6719\/revisions"}],"predecessor-version":[{"id":14196,"href":"https:\/\/miidaz.com\/index.php?rest_route=\/wp\/v2\/product\/6719\/revisions\/14196"}],"wp:featuredmedia":[{"embeddable":true,"href":"https:\/\/miidaz.com\/index.php?rest_route=\/wp\/v2\/media\/60503"}],"wp:attachment":[{"href":"https:\/\/miidaz.com\/index.php?rest_route=%2Fwp%2Fv2%2Fmedia&parent=6719"}],"wp:term":[{"taxonomy":"product_brand","embeddable":true,"href":"https:\/\/miidaz.com\/index.php?rest_route=%2Fwp%2Fv2%2Fproduct_brand&post=6719"},{"taxonomy":"product_cat","embeddable":true,"href":"https:\/\/miidaz.com\/index.php?rest_route=%2Fwp%2Fv2%2Fproduct_cat&post=6719"},{"taxonomy":"product_tag","embeddable":true,"href":"https:\/\/miidaz.com\/index.php?rest_route=%2Fwp%2Fv2%2Fproduct_tag&post=6719"}],"curies":[{"name":"wp","href":"https:\/\/api.w.org\/{rel}","templated":true}]}}