{"id":6822,"date":"2026-03-19T21:21:56","date_gmt":"2026-03-19T21:21:56","guid":{"rendered":"https:\/\/miidaz.com\/product\/set-de-juegos-enjoy\/"},"modified":"2026-03-29T02:19:02","modified_gmt":"2026-03-29T02:19:02","slug":"set-de-juegos-enjoy","status":"publish","type":"product","link":"https:\/\/miidaz.com\/?product=set-de-juegos-enjoy","title":{"rendered":"Set de Juegos Enjoy"},"content":{"rendered":"<p>Disfruta horas de diversi\u00f3n con este elegante Set de Juegos en Madera 4 en 1, que incluye tablero de ajedrez\/damas de 10 x 10 casillas, domin\u00f3 de 28 piezas, damas chinas y mikado, todo elaborado en madera para brindar resistencia, durabilidad y un dise\u00f1o cl\u00e1sico ideal para compartir en familia, con amigos o regalar en cualquier ocasi\u00f3n.<\/p>\n","protected":false},"excerpt":{"rendered":"<p>Disfruta horas de diversi\u00f3n con este elegante Set de Juegos en Madera 4 en 1, que incluye tablero de ajedrez\/damas de 10 x 10 casillas, domin\u00f3 de 28 piezas, damas chinas y mikado, todo elaborado en madera para brindar resistencia, durabilidad y un dise\u00f1o cl\u00e1sico ideal para compartir en familia, con amigos o regalar en [&hellip;]<\/p>\n","protected":false},"featured_media":60734,"comment_status":"open","ping_status":"closed","template":"","meta":{"_uag_custom_page_level_css":""},"product_brand":[],"product_cat":[111],"product_tag":[],"class_list":{"0":"post-6822","1":"product","2":"type-product","3":"status-publish","4":"has-post-thumbnail","6":"product_cat-recreacion","8":"first","9":"instock","10":"shipping-taxable","11":"purchasable","12":"product-type-variable"},"aioseo_notices":[],"uagb_featured_image_src":{"full":["https:\/\/miidaz.com\/wp-content\/uploads\/2026\/03\/3038309-1.jpg",1500,1069,false],"thumbnail":["https:\/\/miidaz.com\/wp-content\/uploads\/2026\/03\/3038309-1-150x150.jpg",150,150,true],"medium":["https:\/\/miidaz.com\/wp-content\/uploads\/2026\/03\/3038309-1-300x214.jpg",300,214,true],"medium_large":["https:\/\/miidaz.com\/wp-content\/uploads\/2026\/03\/3038309-1-768x547.jpg",768,547,true],"large":["https:\/\/miidaz.com\/wp-content\/uploads\/2026\/03\/3038309-1-1024x730.jpg",800,570,true],"1536x1536":["https:\/\/miidaz.com\/wp-content\/uploads\/2026\/03\/3038309-1.jpg",1500,1069,false],"2048x2048":["https:\/\/miidaz.com\/wp-content\/uploads\/2026\/03\/3038309-1.jpg",1500,1069,false],"woocommerce_thumbnail":["https:\/\/miidaz.com\/wp-content\/uploads\/2026\/03\/3038309-1-300x300.jpg",300,300,true],"woocommerce_single":["https:\/\/miidaz.com\/wp-content\/uploads\/2026\/03\/3038309-1-600x428.jpg",600,428,true],"woocommerce_gallery_thumbnail":["https:\/\/miidaz.com\/wp-content\/uploads\/2026\/03\/3038309-1-100x100.jpg",100,100,true]},"uagb_author_info":{"display_name":"","author_link":"https:\/\/miidaz.com\/?author=0"},"uagb_comment_info":0,"uagb_excerpt":"Disfruta horas de diversi\u00f3n con este elegante Set de Juegos en Madera 4 en 1, que incluye tablero de ajedrez\/damas de 10 x 10 casillas, domin\u00f3 de 28 piezas, damas chinas y mikado, todo elaborado en madera para brindar resistencia, durabilidad y un dise\u00f1o cl\u00e1sico ideal para compartir en familia, con amigos o regalar en&hellip;","_links":{"self":[{"href":"https:\/\/miidaz.com\/index.php?rest_route=\/wp\/v2\/product\/6822","targetHints":{"allow":["GET"]}}],"collection":[{"href":"https:\/\/miidaz.com\/index.php?rest_route=\/wp\/v2\/product"}],"about":[{"href":"https:\/\/miidaz.com\/index.php?rest_route=\/wp\/v2\/types\/product"}],"replies":[{"embeddable":true,"href":"https:\/\/miidaz.com\/index.php?rest_route=%2Fwp%2Fv2%2Fcomments&post=6822"}],"version-history":[{"count":0,"href":"https:\/\/miidaz.com\/index.php?rest_route=\/wp\/v2\/product\/6822\/revisions"}],"wp:featuredmedia":[{"embeddable":true,"href":"https:\/\/miidaz.com\/index.php?rest_route=\/wp\/v2\/media\/60734"}],"wp:attachment":[{"href":"https:\/\/miidaz.com\/index.php?rest_route=%2Fwp%2Fv2%2Fmedia&parent=6822"}],"wp:term":[{"taxonomy":"product_brand","embeddable":true,"href":"https:\/\/miidaz.com\/index.php?rest_route=%2Fwp%2Fv2%2Fproduct_brand&post=6822"},{"taxonomy":"product_cat","embeddable":true,"href":"https:\/\/miidaz.com\/index.php?rest_route=%2Fwp%2Fv2%2Fproduct_cat&post=6822"},{"taxonomy":"product_tag","embeddable":true,"href":"https:\/\/miidaz.com\/index.php?rest_route=%2Fwp%2Fv2%2Fproduct_tag&post=6822"}],"curies":[{"name":"wp","href":"https:\/\/api.w.org\/{rel}","templated":true}]}}