{"id":6904,"date":"2026-03-19T21:22:39","date_gmt":"2026-03-19T21:22:39","guid":{"rendered":"https:\/\/miidaz.com\/product\/abanico-plegable-nesta\/"},"modified":"2026-03-29T02:19:07","modified_gmt":"2026-03-29T02:19:07","slug":"abanico-plegable-nesta","status":"publish","type":"product","link":"https:\/\/miidaz.com\/?product=abanico-plegable-nesta","title":{"rendered":"Abanico Plegable Nesta"},"content":{"rendered":"<p>Abanico y Frisbee de nailon con estampado de bal\u00f3n de f\u00fatbol (24,8 X \u00d8 24,5), dise\u00f1ado en material liviano y flexible que permite plegarlo f\u00e1cilmente para guardarlo en una pr\u00e1ctica bolsita incluida. Su dise\u00f1o port\u00e1til lo hace ideal para llevar a cualquier lugar y disfrutar al aire libre.<\/p>\n","protected":false},"excerpt":{"rendered":"<p>Abanico y Frisbee de nailon con estampado de bal\u00f3n de f\u00fatbol (24,8 X \u00d8 24,5), dise\u00f1ado en material liviano y flexible que permite plegarlo f\u00e1cilmente para guardarlo en una pr\u00e1ctica bolsita incluida. Su dise\u00f1o port\u00e1til lo hace ideal para llevar a cualquier lugar y disfrutar al aire libre.<\/p>\n","protected":false},"featured_media":60903,"comment_status":"open","ping_status":"closed","template":"","meta":{"_uag_custom_page_level_css":""},"product_brand":[],"product_cat":[111],"product_tag":[114,112],"class_list":{"0":"post-6904","1":"product","2":"type-product","3":"status-publish","4":"has-post-thumbnail","6":"product_cat-recreacion","7":"product_tag-novedades-2026","8":"product_tag-temporada-irresistibles","10":"first","11":"outofstock","12":"shipping-taxable","13":"purchasable","14":"product-type-variable"},"aioseo_notices":[],"uagb_featured_image_src":{"full":["https:\/\/miidaz.com\/wp-content\/uploads\/2026\/03\/VI0340-1.jpg",1000,1000,false],"thumbnail":["https:\/\/miidaz.com\/wp-content\/uploads\/2026\/03\/VI0340-1-150x150.jpg",150,150,true],"medium":["https:\/\/miidaz.com\/wp-content\/uploads\/2026\/03\/VI0340-1-300x300.jpg",300,300,true],"medium_large":["https:\/\/miidaz.com\/wp-content\/uploads\/2026\/03\/VI0340-1-768x768.jpg",768,768,true],"large":["https:\/\/miidaz.com\/wp-content\/uploads\/2026\/03\/VI0340-1.jpg",800,800,false],"1536x1536":["https:\/\/miidaz.com\/wp-content\/uploads\/2026\/03\/VI0340-1.jpg",1000,1000,false],"2048x2048":["https:\/\/miidaz.com\/wp-content\/uploads\/2026\/03\/VI0340-1.jpg",1000,1000,false],"woocommerce_thumbnail":["https:\/\/miidaz.com\/wp-content\/uploads\/2026\/03\/VI0340-1-300x300.jpg",300,300,true],"woocommerce_single":["https:\/\/miidaz.com\/wp-content\/uploads\/2026\/03\/VI0340-1-600x600.jpg",600,600,true],"woocommerce_gallery_thumbnail":["https:\/\/miidaz.com\/wp-content\/uploads\/2026\/03\/VI0340-1-100x100.jpg",100,100,true]},"uagb_author_info":{"display_name":"","author_link":"https:\/\/miidaz.com\/?author=0"},"uagb_comment_info":0,"uagb_excerpt":"Abanico y Frisbee de nailon con estampado de bal\u00f3n de f\u00fatbol (24,8 X \u00d8 24,5), dise\u00f1ado en material liviano y flexible que permite plegarlo f\u00e1cilmente para guardarlo en una pr\u00e1ctica bolsita incluida. Su dise\u00f1o port\u00e1til lo hace ideal para llevar a cualquier lugar y disfrutar al aire libre.","_links":{"self":[{"href":"https:\/\/miidaz.com\/index.php?rest_route=\/wp\/v2\/product\/6904","targetHints":{"allow":["GET"]}}],"collection":[{"href":"https:\/\/miidaz.com\/index.php?rest_route=\/wp\/v2\/product"}],"about":[{"href":"https:\/\/miidaz.com\/index.php?rest_route=\/wp\/v2\/types\/product"}],"replies":[{"embeddable":true,"href":"https:\/\/miidaz.com\/index.php?rest_route=%2Fwp%2Fv2%2Fcomments&post=6904"}],"version-history":[{"count":0,"href":"https:\/\/miidaz.com\/index.php?rest_route=\/wp\/v2\/product\/6904\/revisions"}],"wp:featuredmedia":[{"embeddable":true,"href":"https:\/\/miidaz.com\/index.php?rest_route=\/wp\/v2\/media\/60903"}],"wp:attachment":[{"href":"https:\/\/miidaz.com\/index.php?rest_route=%2Fwp%2Fv2%2Fmedia&parent=6904"}],"wp:term":[{"taxonomy":"product_brand","embeddable":true,"href":"https:\/\/miidaz.com\/index.php?rest_route=%2Fwp%2Fv2%2Fproduct_brand&post=6904"},{"taxonomy":"product_cat","embeddable":true,"href":"https:\/\/miidaz.com\/index.php?rest_route=%2Fwp%2Fv2%2Fproduct_cat&post=6904"},{"taxonomy":"product_tag","embeddable":true,"href":"https:\/\/miidaz.com\/index.php?rest_route=%2Fwp%2Fv2%2Fproduct_tag&post=6904"}],"curies":[{"name":"wp","href":"https:\/\/api.w.org\/{rel}","templated":true}]}}