{"id":6922,"date":"2026-03-19T21:22:56","date_gmt":"2026-03-19T21:22:56","guid":{"rendered":"https:\/\/miidaz.com\/product\/botella-deportiva-training-900-ml-30-oz\/"},"modified":"2026-03-29T02:19:09","modified_gmt":"2026-03-29T02:19:09","slug":"botella-deportiva-training-900-ml-30-oz","status":"publish","type":"product","link":"https:\/\/miidaz.com\/?product=botella-deportiva-training-900-ml-30-oz","title":{"rendered":"Botella Deportiva Training 900 ml \/ 30 Oz"},"content":{"rendered":"<p>Botella deportiva de pl\u00e1stico con dise\u00f1o ergon\u00f3mico que facilita el agarre. Tapa de rosca con boquilla abatible para un uso pr\u00e1ctico y c\u00f3modo. Ideal para mantenerse hidratado durante la actividad f\u00edsica o el d\u00eda a d\u00eda. Capacidad: 900 ml \/ 30 Oz.<\/p>\n","protected":false},"excerpt":{"rendered":"<p>Botella deportiva de pl\u00e1stico con dise\u00f1o ergon\u00f3mico que facilita el agarre. Tapa de rosca con boquilla abatible para un uso pr\u00e1ctico y c\u00f3modo. Ideal para mantenerse hidratado durante la actividad f\u00edsica o el d\u00eda a d\u00eda. Capacidad: 900 ml \/ 30 Oz.<\/p>\n","protected":false},"featured_media":60935,"comment_status":"open","ping_status":"closed","template":"","meta":{"_uag_custom_page_level_css":""},"product_brand":[],"product_cat":[54],"product_tag":[116],"class_list":{"0":"post-6922","1":"product","2":"type-product","3":"status-publish","4":"has-post-thumbnail","6":"product_cat-botellas-deportivas-plasticas","7":"product_tag-netos","9":"first","10":"instock","11":"shipping-taxable","12":"purchasable","13":"product-type-variable"},"aioseo_notices":[],"uagb_featured_image_src":{"full":["https:\/\/miidaz.com\/wp-content\/uploads\/2026\/03\/VNR001-1.jpg",1000,1000,false],"thumbnail":["https:\/\/miidaz.com\/wp-content\/uploads\/2026\/03\/VNR001-1-150x150.jpg",150,150,true],"medium":["https:\/\/miidaz.com\/wp-content\/uploads\/2026\/03\/VNR001-1-300x300.jpg",300,300,true],"medium_large":["https:\/\/miidaz.com\/wp-content\/uploads\/2026\/03\/VNR001-1-768x768.jpg",768,768,true],"large":["https:\/\/miidaz.com\/wp-content\/uploads\/2026\/03\/VNR001-1.jpg",800,800,false],"1536x1536":["https:\/\/miidaz.com\/wp-content\/uploads\/2026\/03\/VNR001-1.jpg",1000,1000,false],"2048x2048":["https:\/\/miidaz.com\/wp-content\/uploads\/2026\/03\/VNR001-1.jpg",1000,1000,false],"woocommerce_thumbnail":["https:\/\/miidaz.com\/wp-content\/uploads\/2026\/03\/VNR001-1-300x300.jpg",300,300,true],"woocommerce_single":["https:\/\/miidaz.com\/wp-content\/uploads\/2026\/03\/VNR001-1-600x600.jpg",600,600,true],"woocommerce_gallery_thumbnail":["https:\/\/miidaz.com\/wp-content\/uploads\/2026\/03\/VNR001-1-100x100.jpg",100,100,true]},"uagb_author_info":{"display_name":"","author_link":"https:\/\/miidaz.com\/?author=0"},"uagb_comment_info":0,"uagb_excerpt":"Botella deportiva de pl\u00e1stico con dise\u00f1o ergon\u00f3mico que facilita el agarre. Tapa de rosca con boquilla abatible para un uso pr\u00e1ctico y c\u00f3modo. Ideal para mantenerse hidratado durante la actividad f\u00edsica o el d\u00eda a d\u00eda. Capacidad: 900 ml \/ 30 Oz.","_links":{"self":[{"href":"https:\/\/miidaz.com\/index.php?rest_route=\/wp\/v2\/product\/6922","targetHints":{"allow":["GET"]}}],"collection":[{"href":"https:\/\/miidaz.com\/index.php?rest_route=\/wp\/v2\/product"}],"about":[{"href":"https:\/\/miidaz.com\/index.php?rest_route=\/wp\/v2\/types\/product"}],"replies":[{"embeddable":true,"href":"https:\/\/miidaz.com\/index.php?rest_route=%2Fwp%2Fv2%2Fcomments&post=6922"}],"version-history":[{"count":0,"href":"https:\/\/miidaz.com\/index.php?rest_route=\/wp\/v2\/product\/6922\/revisions"}],"wp:featuredmedia":[{"embeddable":true,"href":"https:\/\/miidaz.com\/index.php?rest_route=\/wp\/v2\/media\/60935"}],"wp:attachment":[{"href":"https:\/\/miidaz.com\/index.php?rest_route=%2Fwp%2Fv2%2Fmedia&parent=6922"}],"wp:term":[{"taxonomy":"product_brand","embeddable":true,"href":"https:\/\/miidaz.com\/index.php?rest_route=%2Fwp%2Fv2%2Fproduct_brand&post=6922"},{"taxonomy":"product_cat","embeddable":true,"href":"https:\/\/miidaz.com\/index.php?rest_route=%2Fwp%2Fv2%2Fproduct_cat&post=6922"},{"taxonomy":"product_tag","embeddable":true,"href":"https:\/\/miidaz.com\/index.php?rest_route=%2Fwp%2Fv2%2Fproduct_tag&post=6922"}],"curies":[{"name":"wp","href":"https:\/\/api.w.org\/{rel}","templated":true}]}}