{"id":7027,"date":"2026-03-19T21:52:31","date_gmt":"2026-03-19T21:52:31","guid":{"rendered":"https:\/\/miidaz.com\/product\/vaso-bambu-mix-550-ml-19-oz\/"},"modified":"2026-05-08T23:03:59","modified_gmt":"2026-05-08T23:03:59","slug":"vaso-bambu-mix-550-ml-19-oz","status":"publish","type":"product","link":"https:\/\/miidaz.com\/?product=vaso-bambu-mix-550-ml-19-oz","title":{"rendered":"Vaso Bamb\u00fa Mix 550 ml \/ 19 Oz"},"content":{"rendered":"<p>Mug con estructura de doble pared en acero inoxidable, que ayuda a conservar la temperatura de las bebidas. Mantiene las bebidas fr\u00edas por 12 horas y las bebidas calientes por 6 horas. Su parte externa est\u00e1 recubierta en bamb\u00fa natural, lo que le da un acabado elegante y ecol\u00f3gico. Incluye tapa pl\u00e1stica transparente con seguro corredizo, que facilita el consumo y previene derrames. Ideal para bebidas calientes en ambientes de oficina o exteriores. Capacidad: 550 ml \/ 19 Oz.<\/p>\n","protected":false},"excerpt":{"rendered":"<p>Mug con estructura de doble pared en acero inoxidable, que ayuda a conservar la temperatura de las bebidas. Mantiene las bebidas fr\u00edas por 12 horas y las bebidas calientes por 6 horas. Su parte externa est\u00e1 recubierta en bamb\u00fa natural, lo que le da un acabado elegante y ecol\u00f3gico. Incluye tapa pl\u00e1stica transparente con seguro [&hellip;]<\/p>\n","protected":false},"featured_media":40111,"comment_status":"open","ping_status":"closed","template":"","meta":{"_uag_custom_page_level_css":""},"product_brand":[],"product_cat":[53],"product_tag":[],"class_list":{"0":"post-7027","1":"product","2":"type-product","3":"status-publish","4":"has-post-thumbnail","6":"product_cat-mugs-y-vasos-metalicos","8":"first","9":"instock","10":"shipping-taxable","11":"purchasable","12":"product-type-variable"},"aioseo_notices":[],"uagb_featured_image_src":{"full":["https:\/\/miidaz.com\/wp-content\/uploads\/2026\/03\/BE0366.jpg",1000,1000,false],"thumbnail":["https:\/\/miidaz.com\/wp-content\/uploads\/2026\/03\/BE0366-150x150.jpg",150,150,true],"medium":["https:\/\/miidaz.com\/wp-content\/uploads\/2026\/03\/BE0366-300x300.jpg",300,300,true],"medium_large":["https:\/\/miidaz.com\/wp-content\/uploads\/2026\/03\/BE0366-768x768.jpg",768,768,true],"large":["https:\/\/miidaz.com\/wp-content\/uploads\/2026\/03\/BE0366.jpg",800,800,false],"1536x1536":["https:\/\/miidaz.com\/wp-content\/uploads\/2026\/03\/BE0366.jpg",1000,1000,false],"2048x2048":["https:\/\/miidaz.com\/wp-content\/uploads\/2026\/03\/BE0366.jpg",1000,1000,false],"woocommerce_thumbnail":["https:\/\/miidaz.com\/wp-content\/uploads\/2026\/03\/BE0366-300x300.jpg",300,300,true],"woocommerce_single":["https:\/\/miidaz.com\/wp-content\/uploads\/2026\/03\/BE0366-600x600.jpg",600,600,true],"woocommerce_gallery_thumbnail":["https:\/\/miidaz.com\/wp-content\/uploads\/2026\/03\/BE0366-100x100.jpg",100,100,true]},"uagb_author_info":{"display_name":"","author_link":"https:\/\/miidaz.com\/?author=0"},"uagb_comment_info":0,"uagb_excerpt":"Mug con estructura de doble pared en acero inoxidable, que ayuda a conservar la temperatura de las bebidas. Mantiene las bebidas fr\u00edas por 12 horas y las bebidas calientes por 6 horas. Su parte externa est\u00e1 recubierta en bamb\u00fa natural, lo que le da un acabado elegante y ecol\u00f3gico. Incluye tapa pl\u00e1stica transparente con seguro&hellip;","_links":{"self":[{"href":"https:\/\/miidaz.com\/index.php?rest_route=\/wp\/v2\/product\/7027","targetHints":{"allow":["GET"]}}],"collection":[{"href":"https:\/\/miidaz.com\/index.php?rest_route=\/wp\/v2\/product"}],"about":[{"href":"https:\/\/miidaz.com\/index.php?rest_route=\/wp\/v2\/types\/product"}],"replies":[{"embeddable":true,"href":"https:\/\/miidaz.com\/index.php?rest_route=%2Fwp%2Fv2%2Fcomments&post=7027"}],"version-history":[{"count":0,"href":"https:\/\/miidaz.com\/index.php?rest_route=\/wp\/v2\/product\/7027\/revisions"}],"wp:featuredmedia":[{"embeddable":true,"href":"https:\/\/miidaz.com\/index.php?rest_route=\/wp\/v2\/media\/40111"}],"wp:attachment":[{"href":"https:\/\/miidaz.com\/index.php?rest_route=%2Fwp%2Fv2%2Fmedia&parent=7027"}],"wp:term":[{"taxonomy":"product_brand","embeddable":true,"href":"https:\/\/miidaz.com\/index.php?rest_route=%2Fwp%2Fv2%2Fproduct_brand&post=7027"},{"taxonomy":"product_cat","embeddable":true,"href":"https:\/\/miidaz.com\/index.php?rest_route=%2Fwp%2Fv2%2Fproduct_cat&post=7027"},{"taxonomy":"product_tag","embeddable":true,"href":"https:\/\/miidaz.com\/index.php?rest_route=%2Fwp%2Fv2%2Fproduct_tag&post=7027"}],"curies":[{"name":"wp","href":"https:\/\/api.w.org\/{rel}","templated":true}]}}